{"id":77,"date":"2016-12-05T04:56:01","date_gmt":"2016-12-05T04:56:01","guid":{"rendered":"http:\/\/localhost\/buildpro\/?page_id=77"},"modified":"2022-10-17T18:56:28","modified_gmt":"2022-10-17T18:56:28","slug":"iletisim","status":"publish","type":"page","link":"http:\/\/www.setltd.com.tr\/tr\/iletisim\/","title":{"rendered":"\u0130leti\u015fim"},"content":{"rendered":"<p>[vc_row][vc_column offset=&#8221;vc_col-md-8&#8243;]\t<div class=\"de_tab tab_style_2\">\n\t\t        <div class=\"de_tab_content tc_style-1\">\n        \t            <div id=\"tab0\">\n                <div class=\"row\">\n                    <div class=\"col-md-6\">\n                    \t<iframe src=\"https:\/\/www.google.com\/maps\/embed?pb=!1m18!1m12!1m3!1d3187.054985933393!2d35.39620871508806!3d36.984620679911!2m3!1f0!2f0!3f0!3m2!1i1024!2i768!4f13.1!3m3!1m2!1s0x15289025a1f79d8b%3A0x5222dd461a25774f!2zU2V0IETEscWfLiBUaWMuIFNhbi4gdmUgxLBuxZ8uIEx0ZC4gxZ50aQ!5e0!3m2!1str!2str!4v1632388388195!5m2!1str!2str\" width=\"100%\" height=\"375\" style=\"border:0;\" allowfullscreen=\"\" loading=\"lazy\"><\/iframe>                    <\/div>\n                    <div class=\"col-md-6\">\n                    \t<address class=\"address-style-2\">\n<span><strong>Adres:<\/strong>Yeni Mah. 6227 sk. Toptanc\u0131lar Sitesi 12. Blok 27\/ Zemin Kat<\/span>\n<span><strong>Tel:<\/strong>0322 346 65 65<\/span>\n<span><strong>Faks:<\/strong>0322 346 65 53<\/span>\n<span><strong>E Posta:<\/strong><a href=\"mailto:etansug@setltd.com.tr\">etansug@setltd.com.tr<\/a> - <a href=\"mailto:mert@setltd.com.tr\">mert@setltd.com.tr<\/a> - <a href=\"mailto:ikurluk@setltd.com.tr\">ikurluk@setltd.com.tr<\/a> - <a href=\"mailto:ckamisci@setltd.com.tr\">ckamisci@setltd.com.tr<\/a><\/span>\n<\/address>\n<p>DUNS Unique Entity ID<br>\n364714373<\/p>\n\n<p>SAM Unique Entity ID<br>\nR5PAFACT9L64<\/p>\n\n<p>CAGE \/ NCAGE<br>\nTF891<\/p>                    <\/div>\n                <\/div>\n            <\/div>\n                        <div id=\"tab1\">\n                <div class=\"row\">\n                    <div class=\"col-md-6\">\n                    \t                    <\/div>\n                    <div class=\"col-md-6\">\n                    \t                    <\/div>\n                <\/div>\n            <\/div>\n                    <\/div>\n    <\/div>\n\n[vc_empty_space height=&#8221;10px&#8221;][\/vc_column][vc_column offset=&#8221;vc_col-md-4&#8243;]<div role=\"form\" class=\"wpcf7\" id=\"wpcf7-f76-o1\" lang=\"en-US\" dir=\"ltr\">\n<div class=\"screen-reader-response\"><p role=\"status\" aria-live=\"polite\" aria-atomic=\"true\"><\/p> <ul><\/ul><\/div>\n<form action=\"\/tr\/wp-json\/wp\/v2\/pages\/77#wpcf7-f76-o1\" method=\"post\" class=\"wpcf7-form init\" novalidate=\"novalidate\" data-status=\"init\">\n<div style=\"display: none;\">\n<input type=\"hidden\" name=\"_wpcf7\" value=\"76\" \/>\n<input type=\"hidden\" name=\"_wpcf7_version\" value=\"5.4.2\" \/>\n<input type=\"hidden\" name=\"_wpcf7_locale\" value=\"en_US\" \/>\n<input type=\"hidden\" name=\"_wpcf7_unit_tag\" value=\"wpcf7-f76-o1\" \/>\n<input type=\"hidden\" name=\"_wpcf7_container_post\" value=\"0\" \/>\n<input type=\"hidden\" name=\"_wpcf7_posted_data_hash\" value=\"\" \/>\n<\/div>\n<div id='contact_form' class=\"padding30\" data-bgcolor=\"#f5f5f5\">\n<h3>Bize Mesaj G\u00f6nderin<span class=\"tiny-border\"><\/span><\/h3>\n<div class=\"row\">\n<div class=\"col-md-12\">\n<div id='name_error' class='error'>L\u00fctfen Ad Soyad\u0131n\u0131z\u0131 Giriniz.<\/div>\n<div>\n\t\t\t\t<span class=\"wpcf7-form-control-wrap your-name\"><input type=\"text\" name=\"your-name\" value=\"\" size=\"40\" class=\"wpcf7-form-control wpcf7-text wpcf7-validates-as-required form-control\" aria-required=\"true\" aria-invalid=\"false\" placeholder=\"Ad Soyad\" \/><\/span>\n\t\t\t<\/div>\n<div>\n\t\t\t\t<span class=\"wpcf7-form-control-wrap your-email\"><input type=\"email\" name=\"your-email\" value=\"\" size=\"40\" class=\"wpcf7-form-control wpcf7-text wpcf7-email wpcf7-validates-as-required wpcf7-validates-as-email form-control\" aria-required=\"true\" aria-invalid=\"false\" placeholder=\"E Posta\" \/><\/span>\n\t\t\t<\/div>\n<div>\n\t\t\t\t<span class=\"wpcf7-form-control-wrap your-phone\"><input type=\"tel\" name=\"your-phone\" value=\"\" size=\"40\" class=\"wpcf7-form-control wpcf7-text wpcf7-tel wpcf7-validates-as-tel form-control\" aria-invalid=\"false\" placeholder=\"Telefon\" \/><\/span>\n\t\t\t<\/div>\n<div>\n\t\t\t\t<span class=\"wpcf7-form-control-wrap your-message\"><textarea name=\"your-message\" cols=\"40\" rows=\"10\" class=\"wpcf7-form-control wpcf7-textarea wpcf7-validates-as-required form-control\" aria-required=\"true\" aria-invalid=\"false\" placeholder=\"Mesaj\u0131n\u0131z...\"><\/textarea><\/span>\n\t\t\t<\/div>\n<\/div>\n<div class=\"col-md-12\">\n<div id='submit'>\n\t\t\t\t<input type=\"submit\" value=\"G\u00d6NDER\" class=\"wpcf7-form-control wpcf7-submit btn btn-line\" \/>\n\t\t\t<\/div>\n<\/div>\n<\/div>\n<\/div>\n<div class=\"wpcf7-response-output\" aria-hidden=\"true\"><\/div><\/form><\/div>[\/vc_column][\/vc_row]<\/p>\n","protected":false},"excerpt":{"rendered":"<p>[vc_row][vc_column offset=&#8221;vc_col-md-8&#8243;][vc_empty_space height=&#8221;10px&#8221;][\/vc_column][vc_column offset=&#8221;vc_col-md-4&#8243;][\/vc_column][\/vc_row]<\/p>\n","protected":false},"author":1,"featured_media":0,"parent":0,"menu_order":0,"comment_status":"closed","ping_status":"closed","template":"page-templates\/template-fullwidth.php","meta":{"ngg_post_thumbnail":0},"_links":{"self":[{"href":"http:\/\/www.setltd.com.tr\/tr\/wp-json\/wp\/v2\/pages\/77"}],"collection":[{"href":"http:\/\/www.setltd.com.tr\/tr\/wp-json\/wp\/v2\/pages"}],"about":[{"href":"http:\/\/www.setltd.com.tr\/tr\/wp-json\/wp\/v2\/types\/page"}],"author":[{"embeddable":true,"href":"http:\/\/www.setltd.com.tr\/tr\/wp-json\/wp\/v2\/users\/1"}],"replies":[{"embeddable":true,"href":"http:\/\/www.setltd.com.tr\/tr\/wp-json\/wp\/v2\/comments?post=77"}],"version-history":[{"count":9,"href":"http:\/\/www.setltd.com.tr\/tr\/wp-json\/wp\/v2\/pages\/77\/revisions"}],"predecessor-version":[{"id":1346,"href":"http:\/\/www.setltd.com.tr\/tr\/wp-json\/wp\/v2\/pages\/77\/revisions\/1346"}],"wp:attachment":[{"href":"http:\/\/www.setltd.com.tr\/tr\/wp-json\/wp\/v2\/media?parent=77"}],"curies":[{"name":"wp","href":"https:\/\/api.w.org\/{rel}","templated":true}]}}