{"id":309,"date":"2016-12-09T07:34:03","date_gmt":"2016-12-09T07:34:03","guid":{"rendered":"http:\/\/localhost\/buildpro\/?page_id=309"},"modified":"2022-10-12T05:42:16","modified_gmt":"2022-10-12T05:42:16","slug":"kurumsal","status":"publish","type":"page","link":"http:\/\/www.setltd.com.tr\/tr\/kurumsal\/","title":{"rendered":"Kurumsal"},"content":{"rendered":"<p>[vc_row][vc_column][vc_row_inner css=&#8221;.vc_custom_1481535311301{padding-bottom: 30px !important;}&#8221;][vc_column_inner el_class=&#8221;bg-box padd30&#8243; width=&#8221;1\/2&#8243; offset=&#8221;vc_col-md-6&#8243;]\n\t\t<div class=\"feature-box-small-icon \">\n        <span class=\"icon\">\n        \t<i class=\"icon_comment_alt id-color\"><\/i>\n        <\/span>\n        <div class=\"text\">\n            <h3>Vizyonumuz<\/h3>\n            <strong>Vizyonumuz;<\/strong>SET LTD \u00a0m\u00fc\u015fterileriyle olu\u015fturdu\u011fu ili\u015fkileri \u00fclke geli\u015fimi ve ekonomisi i\u00e7in faydal\u0131 olacak, de\u011fer yaratacak s\u00fcrekli bir i\u015fbirli\u011fi olarak benimsemi\u015ftir.<\/p>\n<p>Her alanda insanlar\u0131n ya\u015fam kalitesini artt\u0131racak ve benzerlerine \u00f6rnek te\u015fkil edecek projeler tasarlamak ve ger\u00e7ekle\u015ftirmektir.        <\/div>\n    <\/div>\n    \n[\/vc_column_inner][vc_column_inner el_class=&#8221;bg-box padd30&#8243; width=&#8221;1\/2&#8243; offset=&#8221;vc_col-md-6&#8243;]\n\t\t<div class=\"feature-box-small-icon \">\n        <span class=\"icon\">\n        \t<i class=\"icon_clock_alt id-color\"><\/i>\n        <\/span>\n        <div class=\"text\">\n            <h3>Misyonumuz<\/h3>\n            <strong>Misyonumuz;<\/strong>M\u00fc\u015fterilerine en h\u0131zl\u0131 ve kaliteli \u00e7\u00f6z\u00fcmleri en uygun \u015fartlarda sunmak prensibini<\/p>\n<p>ilke edinen SET LTD kendi sekt\u00f6r\u00fcnde d\u00fcnya da ki teknolojik geli\u015fmeleri uzman personeli ile yak\u0131ndan takip edip bunlar\u0131 b\u00fcnyesinde uygulamaktad\u0131r.<\/p>\n<p>\u0130nsana ve do\u011faya sayg\u0131l\u0131, teknoloji ile i\u00e7 i\u00e7e, kaliteli ve g\u00fcvenilir hizmet anlay\u0131\u015f\u0131 \u00e7er\u00e7evesinde projeler geli\u015ftirmek ve m\u00fc\u015fteri memnuniyetini en \u00fcst noktada tutarak faaliyetlerine devam etmektir.        <\/div>\n    <\/div>\n    \n[\/vc_column_inner][\/vc_row_inner][vc_row_inner css=&#8221;.vc_custom_1481530056309{padding-top: 30px !important;}&#8221;][vc_column_inner offset=&#8221;vc_col-md-6&#8243;]\t<figure class=\"pic-hover hover-scale\">\n        <span class=\"center-xy\">\n            <a class=\"image-popup\" href=\"http:\/\/www.setltd.com.tr\/tr\/wp-content\/uploads\/2016\/12\/wide2-1.jpg\">\n                <i class=\"fa fa-image btn-action btn-action-hide\"><\/i>\n            <\/a>\n        <\/span>\n        <span class=\"bg-overlay\"><\/span>\n        <img src=\"http:\/\/www.setltd.com.tr\/tr\/wp-content\/uploads\/2016\/12\/wide2-1.jpg\" class=\"img-responsive\" alt=\"\">\n    <\/figure>\n\n\t<figure class=\"pic-hover hover-scale\">\n        <span class=\"center-xy\">\n            <a class=\"image-popup\" href=\"http:\/\/www.setltd.com.tr\/tr\/wp-content\/uploads\/2022\/10\/na2.jpg\">\n                <i class=\"fa fa-image btn-action btn-action-hide\"><\/i>\n            <\/a>\n        <\/span>\n        <span class=\"bg-overlay\"><\/span>\n        <img src=\"http:\/\/www.setltd.com.tr\/tr\/wp-content\/uploads\/2022\/10\/na2.jpg\" class=\"img-responsive\" alt=\"\">\n    <\/figure>\n\n[\/vc_column_inner][vc_column_inner offset=&#8221;vc_col-md-6&#8243;][vc_custom_heading text=&#8221;Hakk\u0131m\u0131zda&#8221; font_container=&#8221;tag:h3|text_align:left&#8221; use_theme_fonts=&#8221;yes&#8221;][vc_column_text css=&#8221;.vc_custom_1632348310826{margin-bottom: 20px !important;}&#8221;]Set Ltd Sti, m\u00fchendislik kariyerleri olan iki orta\u011f\u0131n deneyimlerini birle\u015ftirip g\u00fc\u00e7 birli\u011fi yaparak 1994 y\u0131l\u0131nda kurduklar\u0131 bir \u015firkettir.<br \/>\nUluslar aras\u0131 alanda projeler ger\u00e7ekle\u015ftirmek \u015firketin odakland\u0131\u011f\u0131n\u0131 ana konulardan birisi olmu\u015ftur. Ba\u015flang\u0131\u00e7ta yurt d\u0131\u015f\u0131ndan g\u0131da ithalat\u0131 projeleri ger\u00e7ekle\u015ftirilmi\u015ftir.<\/p>\n<p>Zamanla kurumsalla\u015fma s\u00fcrecini tamamlayan Set Ltd. \u015eti. kalite anlay\u0131\u015f\u0131 ve duyarl\u0131 \u00e7evre bilincini t\u00fcm proje ve hizmetlerine yans\u0131tm\u0131\u015f faaliyet alanlar\u0131nda ISO 9001:2000 Kalite Belgesi alm\u0131\u015ft\u0131r.<\/p>\n<p>2006 y\u0131l\u0131ndan itibaren teknolojik alanlarda hizmet vermeyi faaliyet alanlar\u0131na katarak a\u015fa\u011f\u0131daki \u00fcr\u00fcn ve hizmetleri sunmaktad\u0131r.<\/p>\n<p>\u2022 Bina, \u0130n\u015faat ve Taahh\u00fct \u0130\u015fleri (\u0130ncirlik Hava \u00dcss\u00fcnde ve Afrika\u2019da\u00a0 USAF ve US ARMY i\u00e7in bir\u00e7ok bina in\u015faat\u0131, tadilat\u0131 ve yenileme i\u015fleri vs.)<\/p>\n<p>\u2022 Bilgisayar ve Network Sistemleri<\/p>\n<p>\u2022 \u0130leti\u015fim Sistemleri (Bak\u0131r ve Fiber Optik Altyap\u0131)<\/p>\n<p>\u2022 At\u0131k Ya\u011f Toplama ve Lisansl\u0131 Tesislere Nakliye Hizmetleri<\/p>\n<p>\u2022 Evsel At\u0131k Toplama &amp; Geri D\u00f6n\u00fc\u015f\u00fcm Tesisleri<\/p>\n<p>\u2022 AHERA taraf\u0131ndan lisansl\u0131 ekibi ile Asbest ve Kur\u015funlu Boya S\u00f6k\u00fcm\u00fc<\/p>\n<p>\u2022\u00a0Hurda \u0130thalat\u0131\/\u0130hracat\u0131[\/vc_column_text][\/vc_column_inner][\/vc_row_inner][\/vc_column][\/vc_row]<\/p>\n","protected":false},"excerpt":{"rendered":"<p>[vc_row][vc_column][vc_row_inner css=&#8221;.vc_custom_1481535311301{padding-bottom: 30px !important;}&#8221;][vc_column_inner el_class=&#8221;bg-box padd30&#8243; width=&#8221;1\/2&#8243; offset=&#8221;vc_col-md-6&#8243;][\/vc_column_inner][vc_column_inner el_class=&#8221;bg-box padd30&#8243; width=&#8221;1\/2&#8243; offset=&#8221;vc_col-md-6&#8243;][\/vc_column_inner][\/vc_row_inner][vc_row_inner css=&#8221;.vc_custom_1481530056309{padding-top: 30px !important;}&#8221;][vc_column_inner offset=&#8221;vc_col-md-6&#8243;][\/vc_column_inner][vc_column_inner offset=&#8221;vc_col-md-6&#8243;][vc_custom_heading text=&#8221;Hakk\u0131m\u0131zda&#8221; font_container=&#8221;tag:h3|text_align:left&#8221; use_theme_fonts=&#8221;yes&#8221;][vc_column_text css=&#8221;.vc_custom_1632348310826{margin-bottom: 20px !important;}&#8221;]Set Ltd Sti, m\u00fchendislik kariyerleri olan iki orta\u011f\u0131n deneyimlerini birle\u015ftirip g\u00fc\u00e7 birli\u011fi yaparak 1994 y\u0131l\u0131nda kurduklar\u0131 bir \u015firkettir. Uluslar aras\u0131 alanda projeler ger\u00e7ekle\u015ftirmek \u015firketin odakland\u0131\u011f\u0131n\u0131 ana konulardan birisi olmu\u015ftur. Ba\u015flang\u0131\u00e7ta yurt d\u0131\u015f\u0131ndan g\u0131da [&hellip;]<\/p>\n","protected":false},"author":1,"featured_media":0,"parent":0,"menu_order":0,"comment_status":"closed","ping_status":"closed","template":"page-templates\/template-fullwidth.php","meta":{"ngg_post_thumbnail":0},"_links":{"self":[{"href":"http:\/\/www.setltd.com.tr\/tr\/wp-json\/wp\/v2\/pages\/309"}],"collection":[{"href":"http:\/\/www.setltd.com.tr\/tr\/wp-json\/wp\/v2\/pages"}],"about":[{"href":"http:\/\/www.setltd.com.tr\/tr\/wp-json\/wp\/v2\/types\/page"}],"author":[{"embeddable":true,"href":"http:\/\/www.setltd.com.tr\/tr\/wp-json\/wp\/v2\/users\/1"}],"replies":[{"embeddable":true,"href":"http:\/\/www.setltd.com.tr\/tr\/wp-json\/wp\/v2\/comments?post=309"}],"version-history":[{"count":7,"href":"http:\/\/www.setltd.com.tr\/tr\/wp-json\/wp\/v2\/pages\/309\/revisions"}],"predecessor-version":[{"id":1340,"href":"http:\/\/www.setltd.com.tr\/tr\/wp-json\/wp\/v2\/pages\/309\/revisions\/1340"}],"wp:attachment":[{"href":"http:\/\/www.setltd.com.tr\/tr\/wp-json\/wp\/v2\/media?parent=309"}],"curies":[{"name":"wp","href":"https:\/\/api.w.org\/{rel}","templated":true}]}}